{"id":255,"date":"2024-11-29T10:00:47","date_gmt":"2024-11-29T09:00:47","guid":{"rendered":"http:\/\/yogawithsylvi.com\/?page_id=255"},"modified":"2026-02-28T14:10:21","modified_gmt":"2026-02-28T13:10:21","slug":"ashtanga","status":"publish","type":"page","link":"https:\/\/yogawithsylvi.com\/?page_id=255","title":{"rendered":"Ashtanga"},"content":{"rendered":"\n<div class=\"wp-block-media-text is-stacked-on-mobile\"><figure class=\"wp-block-media-text__media\"><img loading=\"lazy\" decoding=\"async\" width=\"1024\" height=\"1024\" src=\"http:\/\/yogawithsylvi.com\/wp-content\/uploads\/2024\/12\/32-1024x1024.webp\" alt=\"\" class=\"wp-image-292 size-full\" srcset=\"https:\/\/yogawithsylvi.com\/wp-content\/uploads\/2024\/12\/32-1024x1024.webp 1024w, https:\/\/yogawithsylvi.com\/wp-content\/uploads\/2024\/12\/32-300x300.webp 300w, https:\/\/yogawithsylvi.com\/wp-content\/uploads\/2024\/12\/32-150x150.webp 150w, https:\/\/yogawithsylvi.com\/wp-content\/uploads\/2024\/12\/32-768x768.webp 768w, https:\/\/yogawithsylvi.com\/wp-content\/uploads\/2024\/12\/32-600x600.webp 600w, https:\/\/yogawithsylvi.com\/wp-content\/uploads\/2024\/12\/32.webp 1080w\" sizes=\"auto, (max-width: 1024px) 100vw, 1024px\" \/><\/figure><div class=\"wp-block-media-text__content\">\n<!DOCTYPE html>\n<html lang=\"de\">\n<head>\n    <meta charset=\"UTF-8\">\n    <meta name=\"viewport\" content=\"width=device-width, initial-scale=1.0\">\n    <title>Ashtanga Yoga<\/title>\n    <style>\n        body {\n            margin: 0;\n            padding: 0;\n            font-family: 'Arial', sans-serif;\n            background-color: #f4f4f4; \/* Dezenter Seitenhintergrund *\/\n            display: flex;\n            justify-content: center;\n            align-items: center;\n            height: 100vh;\n        }\n        .outer-container {\n            background-color: #757363;\n            padding: 25px;\n            border-radius: 15px;\n            box-shadow: 0 4px 10px rgba(0, 0, 0, 0.3);\n            max-width: 600px;\n            width: 90%;\n        }\n        .inner-container {\n            background-color: white;\n            padding: 20px;\n            border-radius: 10px;\n            text-align: center;\n        }\n        h1 {\n            font-size: 24px;\n            color: #333;\n            margin-bottom: 10px;\n        }\n        p {\n            font-size: 16px;\n            color: #555;\n            line-height: 1.6;\n        }\n        .divider {\n            height: 2px;\n            background-color: #757363;\n            margin: 15px 0;\n            width: 50%;\n            margin-left: auto;\n            margin-right: auto;\n        }\n    <\/style>\n<\/head>\n<body>\n    <div class=\"outer-container\">\n        <div class=\"inner-container\">\n            <h1>Ashtanga Yoga<\/h1>\n            <div class=\"divider\"><\/div>\n            <p>\n                Ashtanga Yoga ist eine dynamische und kraftvolle Praxis, die den Atemrhythmus mit flie\u00dfenden Bewegungen verbindet. \n                In diesem modernisierten Kurs werden traditionelle Aspekte wie das Z\u00e4hlen der Atemz\u00fcge und die Einf\u00fchrung der Asana-Namen auf Sanskrit bewahrt. \n                Gleichzeitig ist die Praxis flexibel gestaltet, um deinen individuellen Bed\u00fcrfnissen gerecht zu werden.\n            <\/p>\n            <div class=\"divider\"><\/div>\n            <p>\n                Erlebe die Essenz von Ashtanga Yoga und entdecke, wie du die Kraft und Disziplin dieser Methode f\u00fcr dich nutzen kannst.\n            <\/p>\n        <\/div>\n    <\/div>\n<\/body>\n<\/html>\n<\/div><\/div>\n","protected":false},"excerpt":{"rendered":"<p>Ashtanga Yoga Ashtanga Yoga Ashtanga Yoga ist eine dynamische und kraftvolle Praxis, die den Atemrhythmus mit flie\u00dfenden Bewegungen verbindet. In diesem modernisierten Kurs werden traditionelle Aspekte wie das Z\u00e4hlen der Atemz\u00fcge und die Einf\u00fchrung der Asana-Namen auf Sanskrit bewahrt. Gleichzeitig ist die Praxis flexibel gestaltet, um deinen individuellen Bed\u00fcrfnissen gerecht zu werden. Erlebe die Essenz [&hellip;]<\/p>\n","protected":false},"author":1,"featured_media":0,"parent":0,"menu_order":0,"comment_status":"closed","ping_status":"closed","template":"","meta":{"footnotes":""},"class_list":["post-255","page","type-page","status-publish","hentry"],"_links":{"self":[{"href":"https:\/\/yogawithsylvi.com\/index.php?rest_route=\/wp\/v2\/pages\/255","targetHints":{"allow":["GET"]}}],"collection":[{"href":"https:\/\/yogawithsylvi.com\/index.php?rest_route=\/wp\/v2\/pages"}],"about":[{"href":"https:\/\/yogawithsylvi.com\/index.php?rest_route=\/wp\/v2\/types\/page"}],"author":[{"embeddable":true,"href":"https:\/\/yogawithsylvi.com\/index.php?rest_route=\/wp\/v2\/users\/1"}],"replies":[{"embeddable":true,"href":"https:\/\/yogawithsylvi.com\/index.php?rest_route=%2Fwp%2Fv2%2Fcomments&post=255"}],"version-history":[{"count":8,"href":"https:\/\/yogawithsylvi.com\/index.php?rest_route=\/wp\/v2\/pages\/255\/revisions"}],"predecessor-version":[{"id":540,"href":"https:\/\/yogawithsylvi.com\/index.php?rest_route=\/wp\/v2\/pages\/255\/revisions\/540"}],"wp:attachment":[{"href":"https:\/\/yogawithsylvi.com\/index.php?rest_route=%2Fwp%2Fv2%2Fmedia&parent=255"}],"curies":[{"name":"wp","href":"https:\/\/api.w.org\/{rel}","templated":true}]}}