{"id":258,"date":"2024-11-29T10:01:26","date_gmt":"2024-11-29T09:01:26","guid":{"rendered":"http:\/\/yogawithsylvi.com\/?page_id=258"},"modified":"2026-02-28T13:59:42","modified_gmt":"2026-02-28T12:59:42","slug":"slow-flow-vinyasa","status":"publish","type":"page","link":"https:\/\/yogawithsylvi.com\/?page_id=258","title":{"rendered":"Vinyasa Yoga Flow"},"content":{"rendered":"\n<div class=\"wp-block-media-text is-stacked-on-mobile\"><figure class=\"wp-block-media-text__media\"><img loading=\"lazy\" decoding=\"async\" width=\"1024\" height=\"1024\" src=\"http:\/\/yogawithsylvi.com\/wp-content\/uploads\/2024\/12\/Sylvi-Instabeitraege_20241106_194250_0000-1024x1024.webp\" alt=\"\" class=\"wp-image-302 size-full\" srcset=\"https:\/\/yogawithsylvi.com\/wp-content\/uploads\/2024\/12\/Sylvi-Instabeitraege_20241106_194250_0000-1024x1024.webp 1024w, https:\/\/yogawithsylvi.com\/wp-content\/uploads\/2024\/12\/Sylvi-Instabeitraege_20241106_194250_0000-300x300.webp 300w, https:\/\/yogawithsylvi.com\/wp-content\/uploads\/2024\/12\/Sylvi-Instabeitraege_20241106_194250_0000-150x150.webp 150w, https:\/\/yogawithsylvi.com\/wp-content\/uploads\/2024\/12\/Sylvi-Instabeitraege_20241106_194250_0000-768x768.webp 768w, https:\/\/yogawithsylvi.com\/wp-content\/uploads\/2024\/12\/Sylvi-Instabeitraege_20241106_194250_0000-600x600.webp 600w, https:\/\/yogawithsylvi.com\/wp-content\/uploads\/2024\/12\/Sylvi-Instabeitraege_20241106_194250_0000.webp 1080w\" sizes=\"auto, (max-width: 1024px) 100vw, 1024px\" \/><\/figure><div class=\"wp-block-media-text__content\">\n<!DOCTYPE html>\n<html lang=\"de\">\n<head>\n    <meta charset=\"UTF-8\">\n    <meta name=\"viewport\" content=\"width=device-width, initial-scale=1.0\">\n    <title>Slow Flow Vinyasa<\/title>\n    <style>\n        body {\n            margin: 0;\n            padding: 0;\n            font-family: 'Arial', sans-serif;\n            background-color: #f4f4f4; \/* Dezenter Seitenhintergrund *\/\n            display: flex;\n            justify-content: center;\n            align-items: center;\n            height: 100vh;\n        }\n        .outer-container {\n            background-color: #757363;\n            padding: 25px;\n            border-radius: 15px;\n            box-shadow: 0 4px 10px rgba(0, 0, 0, 0.3);\n            max-width: 600px;\n            width: 90%;\n        }\n        .inner-container {\n            background-color: white;\n            padding: 20px;\n            border-radius: 10px;\n            text-align: center;\n        }\n        h1 {\n            font-size: 24px;\n            color: #333;\n            margin-bottom: 10px;\n        }\n        p {\n            font-size: 16px;\n            color: #555;\n            line-height: 1.6;\n        }\n        .divider {\n            height: 2px;\n            background-color: #757363;\n            margin: 15px 0;\n            width: 50%;\n            margin-left: auto;\n            margin-right: auto;\n        }\n    <\/style>\n<\/head>\n<body>\n    <div class=\"outer-container\">\n        <div class=\"inner-container\">\n            <h1>Vinyasa Yoga Flow<\/h1>\n            <div class=\"divider\"><\/div>\n            <p>\n                In dieser ruhigen und kraftvollen Slow Flow Vinyasa-Stunde flie\u00dfen wir sanft durch verschiedene Yoga-Sequenzen. \n                Diese Praxis eignet sich f\u00fcr alle Level und verbindet k\u00f6rperliche St\u00e4rke mit innerer Ruhe.\n            <\/p>\n            <div class=\"divider\"><\/div>\n            <p>\n                Lass die sanften Bewegungen und bewussten Atemz\u00fcge dich entspannen und zentrieren, sodass du gest\u00e4rkt und ausgeglichen in den restlichen Tag starten kannst.\n            <\/p>\n        <\/div>\n    <\/div>\n<\/body>\n<\/html>\n\n\n\n<p class=\"has-text-align-center\"><\/p>\n<\/div><\/div>\n","protected":false},"excerpt":{"rendered":"<p>Slow Flow Vinyasa Vinyasa Yoga Flow In dieser ruhigen und kraftvollen Slow Flow Vinyasa-Stunde flie\u00dfen wir sanft durch verschiedene Yoga-Sequenzen. Diese Praxis eignet sich f\u00fcr alle Level und verbindet k\u00f6rperliche St\u00e4rke mit innerer Ruhe. Lass die sanften Bewegungen und bewussten Atemz\u00fcge dich entspannen und zentrieren, sodass du gest\u00e4rkt und ausgeglichen in den restlichen Tag starten [&hellip;]<\/p>\n","protected":false},"author":1,"featured_media":0,"parent":0,"menu_order":0,"comment_status":"closed","ping_status":"closed","template":"","meta":{"footnotes":""},"class_list":["post-258","page","type-page","status-publish","hentry"],"_links":{"self":[{"href":"https:\/\/yogawithsylvi.com\/index.php?rest_route=\/wp\/v2\/pages\/258","targetHints":{"allow":["GET"]}}],"collection":[{"href":"https:\/\/yogawithsylvi.com\/index.php?rest_route=\/wp\/v2\/pages"}],"about":[{"href":"https:\/\/yogawithsylvi.com\/index.php?rest_route=\/wp\/v2\/types\/page"}],"author":[{"embeddable":true,"href":"https:\/\/yogawithsylvi.com\/index.php?rest_route=\/wp\/v2\/users\/1"}],"replies":[{"embeddable":true,"href":"https:\/\/yogawithsylvi.com\/index.php?rest_route=%2Fwp%2Fv2%2Fcomments&post=258"}],"version-history":[{"count":5,"href":"https:\/\/yogawithsylvi.com\/index.php?rest_route=\/wp\/v2\/pages\/258\/revisions"}],"predecessor-version":[{"id":531,"href":"https:\/\/yogawithsylvi.com\/index.php?rest_route=\/wp\/v2\/pages\/258\/revisions\/531"}],"wp:attachment":[{"href":"https:\/\/yogawithsylvi.com\/index.php?rest_route=%2Fwp%2Fv2%2Fmedia&parent=258"}],"curies":[{"name":"wp","href":"https:\/\/api.w.org\/{rel}","templated":true}]}}