{"id":37,"date":"2024-11-28T07:48:52","date_gmt":"2024-11-28T07:48:52","guid":{"rendered":"https:\/\/yogawithsylvi.com\/?page_id=37"},"modified":"2024-11-28T07:48:52","modified_gmt":"2024-11-28T07:48:52","slug":"impressum","status":"publish","type":"page","link":"https:\/\/yogawithsylvi.com\/?page_id=37","title":{"rendered":"Impressum"},"content":{"rendered":"\n<p><strong>Angaben gem\u00e4\u00df \u00a7 5 TMG (Telemediengesetz)<\/strong><\/p>\n\n\n\n<p><strong>Verantwortlich f\u00fcr den Inhalt dieser Website:<\/strong><br>Sylvia K\u00fchn<br>wohnhaft in Herford<\/p>\n\n\n\n<p><strong>Kontakt:<\/strong><br>E-Mail: yogawithsylvi@gmail.com<br>Telefon: 0160 91195187<br>Instagram: <a href=\"https:\/\/www.instagram.com\/yogawithsylvi\/\">@yogawithsylvi<\/a><br>Facebook: <a href=\"https:\/\/www.facebook.com\/profile.php?id=61567043249711&amp;locale=de_DE\">yogawithsylvi&nbsp;auf&nbsp;Facebook<\/a><\/p>\n\n\n\n<p><strong>T\u00e4tigkeit:<\/strong><br>Vinyasa Yoga, Yin Yoga, Ashtanga Yoga, Meditation und Zeremonien<br>Nebenberuflich t\u00e4tig als Yogalehrerin<\/p>\n\n\n\n<p><strong>Haftungsausschluss:<\/strong><br>Die Inhalte dieser Website wurden mit gr\u00f6\u00dftm\u00f6glicher Sorgfalt erstellt. Dennoch kann keine Haftung f\u00fcr die Richtigkeit, Vollst\u00e4ndigkeit und Aktualit\u00e4t der Inhalte \u00fcbernommen werden. Jegliche Haftung f\u00fcr Sch\u00e4den, die durch die Nutzung dieser Website entstehen, ist ausgeschlossen, soweit diese nicht auf Vorsatz oder grober Fahrl\u00e4ssigkeit beruhen.<\/p>\n\n\n\n<p><strong>Urheberrecht:<\/strong><br>Die auf dieser Website ver\u00f6ffentlichten Inhalte, Texte, Bilder und Grafiken sind urheberrechtlich gesch\u00fctzt. Eine Vervielf\u00e4ltigung oder Verwendung von Inhalten ist ohne ausdr\u00fcckliche Zustimmung des Urhebers nicht gestattet.<\/p>\n\n\n\n<p><strong>Verlinkungen:<\/strong><br>Soweit diese Website auf externe Webseiten Dritter verweist, \u00fcbernimmt der Betreiber keine Haftung f\u00fcr deren Inhalte. F\u00fcr den Inhalt der verlinkten Seiten sind ausschlie\u00dflich deren Betreiber verantwortlich.<\/p>\n\n\n\n<p><\/p>\n\n\n\n<figure class=\"wp-block-embed\"><div class=\"wp-block-embed__wrapper\">\nhttps:\/\/www.steuerberaterkammer-westfalen-lippe.de\n<\/div><\/figure>\n\n\n\n<p>Berufsbezeichnung und berufsrechtliche Regelungen<\/p>\n\n\n\n<p>&#8230;<\/p>\n\n\n\n<p>Ich bin nicht bereit oder verpflichtet, an Streitbeilegungsverfahren vor einer Verbraucherschlichtungsstelle teilzunehmen.<\/p>\n\n\n\n<p><\/p>\n\n\n\n<p><strong>Haftung f\u00fcr Inhalte<\/strong><\/p>\n\n\n\n<p>Als Diensteanbieter bin ich gem\u00e4\u00df \u00a7 7 Abs.1 TMG f\u00fcr eigene Inhalte auf diesen Seiten nach den allgemeinen Gesetzen verantwortlich. Nach \u00a7\u00a7 8 bis 10 TMG bin ich als Diensteanbieter jedoch nicht verpflichtet, \u00fcbermittelte oder gespeicherte fremde Informationen zu \u00fcberwachen oder nach Umst\u00e4nden zu forschen, die auf eine rechtswidrige T\u00e4tigkeit hinweisen.<\/p>\n\n\n\n<p>Verpflichtungen zur Entfernung oder Sperrung der Nutzung von Informationen nach den allgemeinen Gesetzen bleiben hiervon unber\u00fchrt. Eine diesbez\u00fcgliche Haftung ist jedoch erst ab dem Zeitpunkt der Kenntnis einer konkreten Rechtsverletzung m\u00f6glich. Bei Bekanntwerden von entsprechenden Rechtsverletzungen werde ich diese Inhalte umgehend entfernen.<\/p>\n\n\n\n<p><strong>Haftung f\u00fcr Links<\/strong><\/p>\n\n\n\n<p>Mein Angebot enth\u00e4lt Links zu externen Websites Dritter, auf deren Inhalte ich keinen Einfluss habe. Deshalb kann ich f\u00fcr diese fremden Inhalte auch keine Gew\u00e4hr \u00fcbernehmen. F\u00fcr die Inhalte der verlinkten Seiten ist stets der jeweilige Anbieter oder Betreiber der Seiten verantwortlich. Die verlinkten Seiten wurden zum Zeitpunkt der Verlinkung auf m\u00f6gliche Rechtsverst\u00f6\u00dfe \u00fcberpr\u00fcft. Rechtswidrige Inhalte waren zum Zeitpunkt der Verlinkung nicht erkennbar.<\/p>\n\n\n\n<p>Eine permanente inhaltliche Kontrolle der verlinkten Seiten ist jedoch ohne konkrete Anhaltspunkte einer Rechtsverletzung nicht zumutbar. Bei Bekanntwerden von Rechtsverletzungen werde ich derartige Links umgehend entfernen.<\/p>\n\n\n\n<p><strong>Urheberrecht<\/strong><\/p>\n\n\n\n<p>Die durch die Seitenbetreiber erstellten Inhalte und Werke auf diesen Seiten unterliegen dem deutschen Urheberrecht. Die Vervielf\u00e4ltigung, Bearbeitung, Verbreitung und jede Art der Verwertung au\u00dferhalb der Grenzen des Urheberrechtes bed\u00fcrfen der schriftlichen Zustimmung des jeweiligen Autors bzw. Erstellers. Downloads und Kopien dieser Seite sind nur f\u00fcr den privaten, nicht kommerziellen Gebrauch gestattet.<\/p>\n\n\n\n<p>Soweit die Inhalte auf dieser Seite nicht vom Betreiber erstellt wurden, werden die Urheberrechte Dritter beachtet. Insbesondere werden Inhalte Dritter als solche gekennzeichnet. Sollten Sie trotzdem auf eine Urheberrechtsverletzung aufmerksam werden, bitte ich um einen entsprechenden Hinweis. Bei Bekanntwerden von Rechtsverletzungen werde ich derartige Inhalte umgehend&nbsp;<\/p>\n","protected":false},"excerpt":{"rendered":"<p>Angaben gem\u00e4\u00df \u00a7 5 TMG (Telemediengesetz) Verantwortlich f\u00fcr den Inhalt dieser Website:Sylvia K\u00fchnwohnhaft in Herford Kontakt:E-Mail: yogawithsylvi@gmail.comTelefon: 0160 91195187Instagram: @yogawithsylviFacebook: yogawithsylvi&nbsp;auf&nbsp;Facebook T\u00e4tigkeit:Vinyasa Yoga, Yin Yoga, Ashtanga Yoga, Meditation und ZeremonienNebenberuflich t\u00e4tig als Yogalehrerin Haftungsausschluss:Die Inhalte dieser Website wurden mit gr\u00f6\u00dftm\u00f6glicher Sorgfalt erstellt. Dennoch kann keine Haftung f\u00fcr die Richtigkeit, Vollst\u00e4ndigkeit und Aktualit\u00e4t der Inhalte \u00fcbernommen [&hellip;]<\/p>\n","protected":false},"author":1,"featured_media":0,"parent":0,"menu_order":0,"comment_status":"closed","ping_status":"closed","template":"","meta":{"footnotes":""},"class_list":["post-37","page","type-page","status-publish","hentry"],"_links":{"self":[{"href":"https:\/\/yogawithsylvi.com\/index.php?rest_route=\/wp\/v2\/pages\/37","targetHints":{"allow":["GET"]}}],"collection":[{"href":"https:\/\/yogawithsylvi.com\/index.php?rest_route=\/wp\/v2\/pages"}],"about":[{"href":"https:\/\/yogawithsylvi.com\/index.php?rest_route=\/wp\/v2\/types\/page"}],"author":[{"embeddable":true,"href":"https:\/\/yogawithsylvi.com\/index.php?rest_route=\/wp\/v2\/users\/1"}],"replies":[{"embeddable":true,"href":"https:\/\/yogawithsylvi.com\/index.php?rest_route=%2Fwp%2Fv2%2Fcomments&post=37"}],"version-history":[{"count":1,"href":"https:\/\/yogawithsylvi.com\/index.php?rest_route=\/wp\/v2\/pages\/37\/revisions"}],"predecessor-version":[{"id":64,"href":"https:\/\/yogawithsylvi.com\/index.php?rest_route=\/wp\/v2\/pages\/37\/revisions\/64"}],"wp:attachment":[{"href":"https:\/\/yogawithsylvi.com\/index.php?rest_route=%2Fwp%2Fv2%2Fmedia&parent=37"}],"curies":[{"name":"wp","href":"https:\/\/api.w.org\/{rel}","templated":true}]}}